{"id":101,"date":"2025-11-21T07:13:11","date_gmt":"2025-11-21T07:13:11","guid":{"rendered":"https:\/\/www.aliburaksan.com\/blog\/?page_id=101"},"modified":"2025-11-21T07:13:11","modified_gmt":"2025-11-21T07:13:11","slug":"gizlilik-politikasi","status":"publish","type":"page","link":"https:\/\/www.aliburaksan.com\/blog\/gizlilik-politikasi\/","title":{"rendered":"Gizlilik Politikas\u0131"},"content":{"rendered":"\n<h2 class=\"wp-block-heading\">Giri\u015f<\/h2>\n\n\n\n<p>Web sitemin adresi: <strong>https:\/\/aliburaksan.com<\/strong>. Bu metin, ki\u015fisel blogum ve portfolyo sitemi ziyaret etti\u011finizde verilerinizin nas\u0131l i\u015flendi\u011fini a\u00e7\u0131klar.<\/p>\n\n\n\n<h2 class=\"wp-block-heading\">Hangi Ki\u015fisel Verileri Topluyoruz ve Neden?<\/h2>\n\n\n\n<h3 class=\"wp-block-heading\">Yorumlar<\/h3>\n\n\n\n<p>Ziyaret\u00e7iler sitede yorum b\u0131rakt\u0131\u011f\u0131nda, yorum formunda g\u00f6sterilen verileri ve ayr\u0131ca istenmeyen yorumlar\u0131 (spam) tespit etmeye yard\u0131mc\u0131 olmak i\u00e7in ziyaret\u00e7inin IP adresi ve taray\u0131c\u0131 bilgisi metnini toplar\u0131z.<\/p>\n\n\n\n<h3 class=\"wp-block-heading\">\u00c7erezler (Cookies)<\/h3>\n\n\n\n<p>Sitemizde bir yorum b\u0131rak\u0131rsan\u0131z, isminizi, e-posta adresinizi ve web sitenizi \u00e7erezlerde kaydetmeyi se\u00e7ebilirsiniz. Bunlar size kolayl\u0131k sa\u011flamak i\u00e7indir, b\u00f6ylece ba\u015fka bir yorum b\u0131rakt\u0131\u011f\u0131n\u0131zda bilgilerinizi tekrar doldurman\u0131z gerekmez. Bu \u00e7erezler bir y\u0131l s\u00fcreyle kal\u0131r.<\/p>\n\n\n\n<p>E\u011fer giri\u015f sayfas\u0131m\u0131z\u0131 ziyaret ederseniz, taray\u0131c\u0131n\u0131z\u0131n \u00e7erezleri kabul edip etmedi\u011fini belirlemek i\u00e7in ge\u00e7ici bir \u00e7erez ayarlayaca\u011f\u0131z. Bu \u00e7erez hi\u00e7bir ki\u015fisel veri i\u00e7ermez ve taray\u0131c\u0131n\u0131z\u0131 kapatt\u0131\u011f\u0131n\u0131zda at\u0131l\u0131r.<\/p>\n\n\n\n<h3 class=\"wp-block-heading\">Di\u011fer Sitelerden G\u00f6m\u00fclen \u0130\u00e7erik<\/h3>\n\n\n\n<p>Bu sitedeki makaleler g\u00f6m\u00fcl\u00fc i\u00e7erik (\u00f6rne\u011fin videolar, resimler, makaleler, vb.) i\u00e7erebilir. Di\u011fer web sitelerinden g\u00f6m\u00fclen i\u00e7erik, ziyaret\u00e7inin di\u011fer web sitesini ziyaret etmi\u015f gibi, tam olarak ayn\u0131 \u015fekilde davran\u0131r.<\/p>\n\n\n\n<h2 class=\"wp-block-heading\">Verinizi Ne Kadar S\u00fcre Tutar\u0131z<\/h2>\n\n\n\n<p>Bir yorum b\u0131rak\u0131rsan\u0131z, yorum ve meta verileri s\u00fcresiz olarak saklan\u0131r. B\u00f6ylece, takip eden yorumlar\u0131n\u0131z\u0131 denetim kuyru\u011funda tutmak yerine otomatik olarak tan\u0131yabilir ve onaylayabiliriz.<\/p>\n\n\n\n<h2 class=\"wp-block-heading\">Verileriniz \u00dczerindeki Haklar\u0131n\u0131z Neler?<\/h2>\n\n\n\n<p>Bu sitede bir hesab\u0131n\u0131z veya yorumlar\u0131n\u0131z varsa, bize sa\u011flad\u0131\u011f\u0131n\u0131z veriler dahil olmak \u00fczere, hakk\u0131n\u0131zda tuttu\u011fumuz ki\u015fisel verilerin d\u0131\u015fa aktar\u0131lm\u0131\u015f bir dosyas\u0131n\u0131 almay\u0131 isteyebilirsiniz. Ayr\u0131ca, hakk\u0131n\u0131zda tuttu\u011fumuz t\u00fcm ki\u015fisel verileri silmemizi de isteyebilirsiniz. Bu, idari, yasal veya g\u00fcvenlik ama\u00e7lar\u0131na uymak zorunda oldu\u011fumuz hi\u00e7bir veriyi kapsamaz.<\/p>\n\n\n\n<h2 class=\"wp-block-heading\">\u0130leti\u015fim<\/h2>\n\n\n\n<p>Gizlilik politikam\u0131zla ilgili sorular\u0131n\u0131z i\u00e7in l\u00fctfen \u015fu adresten ileti\u015fime ge\u00e7iniz: <strong>[info@aliburaksan.com]<\/strong><\/p>\n","protected":false},"excerpt":{"rendered":"<p>Giri\u015f Web sitemin adresi: https:\/\/aliburaksan.com. Bu metin, ki\u015fisel blogum ve portfolyo sitemi ziyaret etti\u011finizde verilerinizin nas\u0131l i\u015flendi\u011fini a\u00e7\u0131klar. Hangi Ki\u015fisel Verileri Topluyoruz ve Neden? Yorumlar Ziyaret\u00e7iler sitede yorum b\u0131rakt\u0131\u011f\u0131nda, yorum formunda g\u00f6sterilen verileri ve ayr\u0131ca istenmeyen yorumlar\u0131 (spam) tespit etmeye yard\u0131mc\u0131 olmak i\u00e7in ziyaret\u00e7inin IP adresi ve taray\u0131c\u0131 bilgisi metnini toplar\u0131z. \u00c7erezler (Cookies) Sitemizde bir [&hellip;]<\/p>\n","protected":false},"author":1,"featured_media":0,"parent":0,"menu_order":0,"comment_status":"closed","ping_status":"closed","template":"","meta":{"footnotes":""},"class_list":["post-101","page","type-page","status-publish","hentry"],"blocksy_meta":[],"yoast_head":"<!-- This site is optimized with the Yoast SEO plugin v26.4 - https:\/\/yoast.com\/wordpress\/plugins\/seo\/ -->\n<title>Gizlilik Politikas\u0131 - Ali Burak \u015ean<\/title>\n<meta name=\"robots\" content=\"index, follow, max-snippet:-1, max-image-preview:large, max-video-preview:-1\" \/>\n<link rel=\"canonical\" href=\"https:\/\/www.aliburaksan.com\/blog\/gizlilik-politikasi\/\" \/>\n<meta property=\"og:locale\" content=\"tr_TR\" \/>\n<meta property=\"og:type\" content=\"article\" \/>\n<meta property=\"og:title\" content=\"Gizlilik Politikas\u0131 - Ali Burak \u015ean\" \/>\n<meta property=\"og:description\" content=\"Giri\u015f Web sitemin adresi: https:\/\/aliburaksan.com. Bu metin, ki\u015fisel blogum ve portfolyo sitemi ziyaret etti\u011finizde verilerinizin nas\u0131l i\u015flendi\u011fini a\u00e7\u0131klar. Hangi Ki\u015fisel Verileri Topluyoruz ve Neden? Yorumlar Ziyaret\u00e7iler sitede yorum b\u0131rakt\u0131\u011f\u0131nda, yorum formunda g\u00f6sterilen verileri ve ayr\u0131ca istenmeyen yorumlar\u0131 (spam) tespit etmeye yard\u0131mc\u0131 olmak i\u00e7in ziyaret\u00e7inin IP adresi ve taray\u0131c\u0131 bilgisi metnini toplar\u0131z. \u00c7erezler (Cookies) Sitemizde bir [&hellip;]\" \/>\n<meta property=\"og:url\" content=\"https:\/\/www.aliburaksan.com\/blog\/gizlilik-politikasi\/\" \/>\n<meta property=\"og:site_name\" content=\"Ali Burak \u015ean\" \/>\n<meta name=\"twitter:card\" content=\"summary_large_image\" \/>\n<meta name=\"twitter:label1\" content=\"Tahmini okuma s\u00fcresi\" \/>\n\t<meta name=\"twitter:data1\" content=\"2 dakika\" \/>\n<script type=\"application\/ld+json\" class=\"yoast-schema-graph\">{\"@context\":\"https:\/\/schema.org\",\"@graph\":[{\"@type\":\"WebPage\",\"@id\":\"https:\/\/www.aliburaksan.com\/blog\/gizlilik-politikasi\/\",\"url\":\"https:\/\/www.aliburaksan.com\/blog\/gizlilik-politikasi\/\",\"name\":\"Gizlilik Politikas\u0131 - Ali Burak \u015ean\",\"isPartOf\":{\"@id\":\"https:\/\/www.aliburaksan.com\/blog\/#website\"},\"datePublished\":\"2025-11-21T07:13:11+00:00\",\"breadcrumb\":{\"@id\":\"https:\/\/www.aliburaksan.com\/blog\/gizlilik-politikasi\/#breadcrumb\"},\"inLanguage\":\"tr\",\"potentialAction\":[{\"@type\":\"ReadAction\",\"target\":[\"https:\/\/www.aliburaksan.com\/blog\/gizlilik-politikasi\/\"]}]},{\"@type\":\"BreadcrumbList\",\"@id\":\"https:\/\/www.aliburaksan.com\/blog\/gizlilik-politikasi\/#breadcrumb\",\"itemListElement\":[{\"@type\":\"ListItem\",\"position\":1,\"name\":\"Anasayfa\",\"item\":\"https:\/\/www.aliburaksan.com\/blog\/\"},{\"@type\":\"ListItem\",\"position\":2,\"name\":\"Gizlilik Politikas\u0131\"}]},{\"@type\":\"WebSite\",\"@id\":\"https:\/\/www.aliburaksan.com\/blog\/#website\",\"url\":\"https:\/\/www.aliburaksan.com\/blog\/\",\"name\":\"Dijital Nab\u0131z \u2013 IT Haberleri\",\"description\":\"IT, Sistem Y\u00f6netimi ve Teknoloji G\u00fcnl\u00fc\u011f\u00fc\",\"publisher\":{\"@id\":\"https:\/\/www.aliburaksan.com\/blog\/#\/schema\/person\/ddc80da203b66794d3a1b568035ff3c2\"},\"potentialAction\":[{\"@type\":\"SearchAction\",\"target\":{\"@type\":\"EntryPoint\",\"urlTemplate\":\"https:\/\/www.aliburaksan.com\/blog\/?s={search_term_string}\"},\"query-input\":{\"@type\":\"PropertyValueSpecification\",\"valueRequired\":true,\"valueName\":\"search_term_string\"}}],\"inLanguage\":\"tr\"},{\"@type\":[\"Person\",\"Organization\"],\"@id\":\"https:\/\/www.aliburaksan.com\/blog\/#\/schema\/person\/ddc80da203b66794d3a1b568035ff3c2\",\"name\":\"abs_administrator45_\",\"image\":{\"@type\":\"ImageObject\",\"inLanguage\":\"tr\",\"@id\":\"https:\/\/www.aliburaksan.com\/blog\/#\/schema\/person\/image\/\",\"url\":\"https:\/\/secure.gravatar.com\/avatar\/0f7cbec178a59b3ec0e9b0732417e32803d988a369cc745ef68a7143376120ab?s=96&d=mm&r=g\",\"contentUrl\":\"https:\/\/secure.gravatar.com\/avatar\/0f7cbec178a59b3ec0e9b0732417e32803d988a369cc745ef68a7143376120ab?s=96&d=mm&r=g\",\"caption\":\"abs_administrator45_\"},\"logo\":{\"@id\":\"https:\/\/www.aliburaksan.com\/blog\/#\/schema\/person\/image\/\"},\"sameAs\":[\"http:\/\/www.aliburaksan.com\/blog\"]}]}<\/script>\n<!-- \/ Yoast SEO plugin. -->","yoast_head_json":{"title":"Gizlilik Politikas\u0131 - Ali Burak \u015ean","robots":{"index":"index","follow":"follow","max-snippet":"max-snippet:-1","max-image-preview":"max-image-preview:large","max-video-preview":"max-video-preview:-1"},"canonical":"https:\/\/www.aliburaksan.com\/blog\/gizlilik-politikasi\/","og_locale":"tr_TR","og_type":"article","og_title":"Gizlilik Politikas\u0131 - Ali Burak \u015ean","og_description":"Giri\u015f Web sitemin adresi: https:\/\/aliburaksan.com. Bu metin, ki\u015fisel blogum ve portfolyo sitemi ziyaret etti\u011finizde verilerinizin nas\u0131l i\u015flendi\u011fini a\u00e7\u0131klar. Hangi Ki\u015fisel Verileri Topluyoruz ve Neden? Yorumlar Ziyaret\u00e7iler sitede yorum b\u0131rakt\u0131\u011f\u0131nda, yorum formunda g\u00f6sterilen verileri ve ayr\u0131ca istenmeyen yorumlar\u0131 (spam) tespit etmeye yard\u0131mc\u0131 olmak i\u00e7in ziyaret\u00e7inin IP adresi ve taray\u0131c\u0131 bilgisi metnini toplar\u0131z. \u00c7erezler (Cookies) Sitemizde bir [&hellip;]","og_url":"https:\/\/www.aliburaksan.com\/blog\/gizlilik-politikasi\/","og_site_name":"Ali Burak \u015ean","twitter_card":"summary_large_image","twitter_misc":{"Tahmini okuma s\u00fcresi":"2 dakika"},"schema":{"@context":"https:\/\/schema.org","@graph":[{"@type":"WebPage","@id":"https:\/\/www.aliburaksan.com\/blog\/gizlilik-politikasi\/","url":"https:\/\/www.aliburaksan.com\/blog\/gizlilik-politikasi\/","name":"Gizlilik Politikas\u0131 - Ali Burak \u015ean","isPartOf":{"@id":"https:\/\/www.aliburaksan.com\/blog\/#website"},"datePublished":"2025-11-21T07:13:11+00:00","breadcrumb":{"@id":"https:\/\/www.aliburaksan.com\/blog\/gizlilik-politikasi\/#breadcrumb"},"inLanguage":"tr","potentialAction":[{"@type":"ReadAction","target":["https:\/\/www.aliburaksan.com\/blog\/gizlilik-politikasi\/"]}]},{"@type":"BreadcrumbList","@id":"https:\/\/www.aliburaksan.com\/blog\/gizlilik-politikasi\/#breadcrumb","itemListElement":[{"@type":"ListItem","position":1,"name":"Anasayfa","item":"https:\/\/www.aliburaksan.com\/blog\/"},{"@type":"ListItem","position":2,"name":"Gizlilik Politikas\u0131"}]},{"@type":"WebSite","@id":"https:\/\/www.aliburaksan.com\/blog\/#website","url":"https:\/\/www.aliburaksan.com\/blog\/","name":"Dijital Nab\u0131z \u2013 IT Haberleri","description":"IT, Sistem Y\u00f6netimi ve Teknoloji G\u00fcnl\u00fc\u011f\u00fc","publisher":{"@id":"https:\/\/www.aliburaksan.com\/blog\/#\/schema\/person\/ddc80da203b66794d3a1b568035ff3c2"},"potentialAction":[{"@type":"SearchAction","target":{"@type":"EntryPoint","urlTemplate":"https:\/\/www.aliburaksan.com\/blog\/?s={search_term_string}"},"query-input":{"@type":"PropertyValueSpecification","valueRequired":true,"valueName":"search_term_string"}}],"inLanguage":"tr"},{"@type":["Person","Organization"],"@id":"https:\/\/www.aliburaksan.com\/blog\/#\/schema\/person\/ddc80da203b66794d3a1b568035ff3c2","name":"abs_administrator45_","image":{"@type":"ImageObject","inLanguage":"tr","@id":"https:\/\/www.aliburaksan.com\/blog\/#\/schema\/person\/image\/","url":"https:\/\/secure.gravatar.com\/avatar\/0f7cbec178a59b3ec0e9b0732417e32803d988a369cc745ef68a7143376120ab?s=96&d=mm&r=g","contentUrl":"https:\/\/secure.gravatar.com\/avatar\/0f7cbec178a59b3ec0e9b0732417e32803d988a369cc745ef68a7143376120ab?s=96&d=mm&r=g","caption":"abs_administrator45_"},"logo":{"@id":"https:\/\/www.aliburaksan.com\/blog\/#\/schema\/person\/image\/"},"sameAs":["http:\/\/www.aliburaksan.com\/blog"]}]}},"_links":{"self":[{"href":"https:\/\/www.aliburaksan.com\/blog\/wp-json\/wp\/v2\/pages\/101","targetHints":{"allow":["GET"]}}],"collection":[{"href":"https:\/\/www.aliburaksan.com\/blog\/wp-json\/wp\/v2\/pages"}],"about":[{"href":"https:\/\/www.aliburaksan.com\/blog\/wp-json\/wp\/v2\/types\/page"}],"author":[{"embeddable":true,"href":"https:\/\/www.aliburaksan.com\/blog\/wp-json\/wp\/v2\/users\/1"}],"replies":[{"embeddable":true,"href":"https:\/\/www.aliburaksan.com\/blog\/wp-json\/wp\/v2\/comments?post=101"}],"version-history":[{"count":1,"href":"https:\/\/www.aliburaksan.com\/blog\/wp-json\/wp\/v2\/pages\/101\/revisions"}],"predecessor-version":[{"id":102,"href":"https:\/\/www.aliburaksan.com\/blog\/wp-json\/wp\/v2\/pages\/101\/revisions\/102"}],"wp:attachment":[{"href":"https:\/\/www.aliburaksan.com\/blog\/wp-json\/wp\/v2\/media?parent=101"}],"curies":[{"name":"wp","href":"https:\/\/api.w.org\/{rel}","templated":true}]}}